{"id":129,"date":"2023-01-01T16:03:45","date_gmt":"2023-01-01T15:03:45","guid":{"rendered":"http:\/\/mss-consulting.ch\/?page_id=129"},"modified":"2024-11-05T07:43:40","modified_gmt":"2024-11-05T06:43:40","slug":"versicherungen-2","status":"publish","type":"page","link":"https:\/\/mss-consulting.ch\/?page_id=129","title":{"rendered":"Versicherungen"},"content":{"rendered":"<div data-colibri-id=\"129-c1\" class=\"style-273 style-local-129-c1 position-relative\">\n  <!---->\n  <div data-colibri-component=\"section\" data-colibri-id=\"129-c2\" id=\"reusable-sections\" class=\"h-section h-section-global-spacing d-flex align-items-lg-center align-items-md-center align-items-center style-337 style-local-129-c2 position-relative\">\n    <!---->\n    <!---->\n    <div class=\"h-section-grid-container h-section-boxed-container\">\n      <!---->\n      <div data-colibri-id=\"129-c3\" class=\"h-row-container gutters-row-lg-2 gutters-row-md-2 gutters-row-2 gutters-row-v-lg-2 gutters-row-v-md-2 gutters-row-v-2 style-338 style-local-129-c3 position-relative\">\n        <!---->\n        <div class=\"h-row justify-content-lg-center justify-content-md-center justify-content-center align-items-lg-stretch align-items-md-stretch align-items-stretch gutters-col-lg-2 gutters-col-md-2 gutters-col-2 gutters-col-v-lg-2 gutters-col-v-md-2 gutters-col-v-2\">\n          <!---->\n          <div class=\"h-column h-column-container d-flex h-col-lg-auto h-col-md-auto h-col-auto style-339-outer style-local-129-c4-outer\">\n            <div data-colibri-id=\"129-c4\" class=\"d-flex h-flex-basis h-column__inner h-px-lg-2 h-px-md-2 h-px-2 v-inner-lg-2 v-inner-md-2 v-inner-2 style-339 style-local-129-c4 position-relative\">\n              <!---->\n              <!---->\n              <div class=\"w-100 h-y-container h-column__content h-column__v-align flex-basis-100 align-self-lg-center align-self-md-center align-self-center\">\n                <!---->\n                <div data-colibri-id=\"129-c5\" class=\"h-global-transition-all h-heading style-340 style-local-129-c5 position-relative h-element\">\n                  <!---->\n                  <div class=\"h-heading__outer style-340 style-local-129-c5\">\n                    <!---->\n                    <!---->\n                    <h4 class=\"\">Es ist besser eine Versicherung zu haben und nicht zu ben\u00f6tigen, als eine zu ben\u00f6tigen und nicht zu haben!&nbsp;<\/h4>\n                  <\/div>\n                <\/div>\n                <div data-colibri-id=\"129-c6\" class=\"h-text h-text-component style-341 style-local-129-c6 position-relative h-element\">\n                  <!---->\n                  <!---->\n                  <div class=\"\">\n                    <p><em style=\"font-weight: 300; font-size: 15px; font-family: Arial, sans-serif; color: rgb(85, 85, 85);\">&#8220; Er war versichert. Die Welt konnte ihm gestohlen bleiben &#8222;<\/em>\n                      <br><em style=\"font-weight: 300; font-size: 15px; font-family: Arial, sans-serif; color: rgb(85, 85, 85);\">Erhard Horst Bellermann<\/em>\n                      <br>\n                    <\/p>\n                  <\/div>\n                <\/div>\n              <\/div>\n            <\/div>\n          <\/div>\n          <div class=\"h-column h-column-container d-flex h-col-lg-auto h-col-md-auto h-col-auto style-344-outer style-local-129-c7-outer\">\n            <div data-colibri-id=\"129-c7\" class=\"d-flex h-flex-basis h-column__inner h-px-lg-2 h-px-md-2 h-px-2 v-inner-lg-2 v-inner-md-2 v-inner-2 style-344 style-local-129-c7 position-relative\">\n              <!---->\n              <!---->\n              <div class=\"w-100 h-y-container h-column__content h-column__v-align flex-basis-100 align-self-lg-center align-self-md-center align-self-center\">\n                <!---->\n                <div data-colibri-id=\"129-c9\" class=\"h-x-container style-538 style-local-129-c9 position-relative h-element\">\n                  <!---->\n                  <div class=\"h-x-container-inner style-dynamic-129-c9-group style-538-spacing style-local-129-c9-spacing\"><span class=\"h-button__outer style-343-outer style-local-129-c10-outer d-inline-flex h-element\"><a h-use-smooth-scroll=\"true\" href=\"https:\/\/outlook.office365.com\/owa\/calendar\/MSSConsulting1@mss-consulting.ch\/bookings\/s\/Nt5RmPE6z0OcLGPsn03jcA2\"  data-colibri-id=\"129-c10\" class=\"d-flex w-100 align-items-center h-button justify-content-lg-center justify-content-md-center justify-content-center style-343 style-local-129-c10 position-relative\"><!----><!----> <span>Jetzt Termin Anfragen!<\/span><\/a>\n                    <\/span>\n                  <\/div>\n                <\/div>\n              <\/div>\n            <\/div>\n          <\/div>\n        <\/div>\n      <\/div>\n    <\/div>\n  <\/div>\n  <div data-colibri-component=\"section\" data-colibri-id=\"129-c11\" id=\"reusable-sections-2\" class=\"h-section h-section-global-spacing d-flex align-items-lg-center align-items-md-center align-items-center style-540 style-local-129-c11 position-relative\">\n    <div class=\"background-wrapper\">\n      <div class=\"background-layer background-layer-media-container-lg\">\n        <div data-enabled=\"true\" data-colibri-component=\"parallax\" class=\"background-layer paraxify\" style=\"background-image: url(&quot;https:\/\/mss-consulting.ch\/wp-content\/uploads\/2023\/01\/1600948109_versicherung.jpg&quot;);\" model-id=\"129-c11\" media=\"desktop\"\n          is-preview=\"true\"><\/div>\n        <div class=\"overlay-layer\">\n          <div class=\"overlay-image-layer\" style=\"background-image: linear-gradient(90deg, rgb(255, 255, 255) 40%, rgba(69, 58, 148, 0) 40%);\"><\/div>\n        <\/div>\n      <\/div>\n      <div class=\"background-layer background-layer-media-container-md\">\n        <div data-enabled=\"true\" data-colibri-component=\"parallax\" class=\"background-layer paraxify\" style=\"background-image: url(&quot;https:\/\/mss-consulting.ch\/wp-content\/uploads\/2023\/01\/1600948109_versicherung.jpg&quot;);\" model-id=\"129-c11\" media=\"tablet\"\n          is-preview=\"true\"><\/div>\n        <div class=\"overlay-layer\">\n          <div class=\"overlay-image-layer\" style=\"background-image: linear-gradient(90deg, rgb(255, 255, 255) 40%, rgba(69, 58, 148, 0) 40%);\"><\/div>\n        <\/div>\n      <\/div>\n      <div class=\"background-layer background-layer-media-container\">\n        <div data-enabled=\"true\" data-colibri-component=\"parallax\" class=\"background-layer paraxify\" style=\"background-image: url(&quot;https:\/\/mss-consulting.ch\/wp-content\/uploads\/2023\/01\/1600948109_versicherung.jpg&quot;);\" model-id=\"129-c11\" media=\"mobile\"\n          is-preview=\"true\"><\/div>\n        <div class=\"overlay-layer\">\n          <div class=\"overlay-image-layer\" style=\"background-image: linear-gradient(90deg, rgb(255, 255, 255) 40%, rgba(69, 58, 148, 0) 40%);\"><\/div>\n        <\/div>\n      <\/div>\n    <\/div>\n    <!---->\n    <div class=\"h-section-grid-container h-section-boxed-container\">\n      <!---->\n      <div data-colibri-id=\"129-c12\" class=\"h-row-container gutters-row-lg-2 gutters-row-md-2 gutters-row-2 gutters-row-v-lg-2 gutters-row-v-md-2 gutters-row-v-2 style-541 style-local-129-c12 position-relative\">\n        <!---->\n        <div class=\"h-row justify-content-lg-start justify-content-md-start justify-content-start align-items-lg-stretch align-items-md-stretch align-items-stretch gutters-col-lg-2 gutters-col-md-2 gutters-col-2 gutters-col-v-lg-2 gutters-col-v-md-2 gutters-col-v-2\">\n          <!---->\n          <div class=\"h-column h-column-container d-flex h-col-lg-auto h-col-md-auto h-col-auto style-542-outer style-local-129-c13-outer\">\n            <div data-colibri-id=\"129-c13\" class=\"d-flex h-flex-basis h-column__inner h-px-lg-0 h-px-md-0 h-px-0 v-inner-lg-0 v-inner-md-0 v-inner-0 style-542 style-local-129-c13 position-relative\">\n              <!---->\n              <!---->\n              <div class=\"w-100 h-y-container h-column__content h-column__v-align flex-basis-100 align-self-lg-center align-self-md-center align-self-center\">\n                <!---->\n                <div data-colibri-id=\"129-c14\" class=\"h-global-transition-all h-heading style-543 style-local-129-c14 position-relative h-element\">\n                  <!---->\n                  <div class=\"h-heading__outer style-543 style-local-129-c14\">\n                    <!---->\n                    <!---->\n                    <h2 class=\"\">KMU<\/h2>\n                  <\/div>\n                <\/div>\n                <div data-colibri-id=\"129-c15\" class=\"h-text h-text-component style-544 style-local-129-c15 position-relative h-element\">\n                  <!---->\n                  <!---->\n                  <div class=\"\">\n                    <p><strong style=\"font-weight: 400; font-size: 15px;\">Gerne analysiere ich Ihre Situation und unterbreite&nbsp;Ihnen eine auf Sie abgestimmte Offerte!<\/strong><\/p>\n                    <ul>\n                      <li>BVG<\/li>\n                      <li><span style=\"font-weight: 400;\">Debitorenausfallversicherung<\/span><\/li>\n                      <li><span style=\"font-weight: 400;\">Cyber-Versicherung\ufeff<\/span><\/li>\n                      <li><span style=\"font-weight: 400;\">Organhaftpflichtversicherung<\/span><\/li>\n                      <li><span style=\"font-weight: 400;\">Berufshaftpflichtversicherung<\/span><\/li>\n                      <li><span style=\"font-weight: 400;\">KKV<\/span><\/li>\n                      <li><span style=\"font-weight: 400;\">UVGO \/ UVGF<\/span><\/li>\n                      <li><span style=\"font-weight: 400;\">UVGZ<\/span><\/li>\n                      <li><span style=\"font-weight: 400;\">Fahrzeugversicherungen \/ Flotte<\/span><\/li>\n                      <li><span style=\"font-weight: 400;\">Reiseversicherungen<\/span><\/li>\n                      <li><span style=\"font-weight: 400;\">Bauwesen \/ Bauherrenhaftpflicht<\/span><\/li>\n                      <li><span style=\"font-weight: 400;\">Geb\u00e4udesach- und Geb\u00e4udehaftpflichtversicherung<\/span><\/li>\n                      <li><span style=\"font-weight: 400;\">Technische Versicherung<\/span><\/li>\n                      <li><span style=\"font-weight: 400;\">Transport<\/span><\/li>\n                      <li><span style=\"font-weight: 400;\">Rechtsschutz<\/span><\/li>\n                    <\/ul>\n                  <\/div>\n                <\/div>\n              <\/div>\n            <\/div>\n          <\/div>\n        <\/div>\n      <\/div>\n    <\/div>\n  <\/div>\n  <div data-colibri-component=\"section\" data-colibri-id=\"129-c16\" id=\"reusable-sections-3\" class=\"h-section h-section-global-spacing d-flex align-items-lg-center align-items-md-center align-items-center style-545 style-local-129-c16 position-relative\">\n    <div class=\"background-wrapper\">\n      <div class=\"background-layer background-layer-media-container-lg\">\n        <div data-enabled=\"true\" data-colibri-component=\"parallax\" class=\"background-layer paraxify\" style=\"background-image: url(&quot;https:\/\/mss-consulting.ch\/wp-content\/uploads\/2023\/01\/privatkundenleben.jpg&quot;);\" model-id=\"129-c16\" media=\"desktop\"\n          is-preview=\"true\"><\/div>\n        <div class=\"overlay-layer\">\n          <div class=\"overlay-image-layer\" style=\"background-image: linear-gradient(-90deg, rgb(255, 255, 255) 40%, rgba(69, 58, 148, 0) 40%);\"><\/div>\n        <\/div>\n      <\/div>\n      <div class=\"background-layer background-layer-media-container-md\">\n        <div data-enabled=\"true\" data-colibri-component=\"parallax\" class=\"background-layer paraxify\" style=\"background-image: url(&quot;https:\/\/mss-consulting.ch\/wp-content\/uploads\/2023\/01\/privatkundenleben.jpg&quot;);\" model-id=\"129-c16\" media=\"tablet\"\n          is-preview=\"true\"><\/div>\n        <div class=\"overlay-layer\">\n          <div class=\"overlay-image-layer\" style=\"background-image: linear-gradient(-90deg, rgb(255, 255, 255) 40%, rgba(69, 58, 148, 0) 40%);\"><\/div>\n        <\/div>\n      <\/div>\n      <div class=\"background-layer background-layer-media-container\">\n        <div data-enabled=\"true\" data-colibri-component=\"parallax\" class=\"background-layer paraxify\" style=\"background-image: url(&quot;https:\/\/mss-consulting.ch\/wp-content\/uploads\/2023\/01\/privatkundenleben.jpg&quot;);\" model-id=\"129-c16\" media=\"mobile\"\n          is-preview=\"true\"><\/div>\n        <div class=\"overlay-layer\">\n          <div class=\"overlay-image-layer\" style=\"background-image: linear-gradient(-90deg, rgb(255, 255, 255) 40%, rgba(69, 58, 148, 0) 40%);\"><\/div>\n        <\/div>\n      <\/div>\n    <\/div>\n    <!---->\n    <div class=\"h-section-grid-container h-section-boxed-container\">\n      <!---->\n      <div data-colibri-id=\"129-c17\" class=\"h-row-container gutters-row-lg-2 gutters-row-md-2 gutters-row-2 gutters-row-v-lg-2 gutters-row-v-md-2 gutters-row-v-2 style-546 style-local-129-c17 position-relative\">\n        <!---->\n        <div class=\"h-row justify-content-lg-end justify-content-md-end justify-content-end align-items-lg-stretch align-items-md-stretch align-items-stretch gutters-col-lg-2 gutters-col-md-2 gutters-col-2 gutters-col-v-lg-2 gutters-col-v-md-2 gutters-col-v-2\">\n          <!---->\n          <div class=\"h-column h-column-container d-flex h-col-lg-auto h-col-md-auto h-col-auto style-547-outer style-local-129-c18-outer\">\n            <div data-colibri-id=\"129-c18\" class=\"d-flex h-flex-basis h-column__inner h-px-lg-0 h-px-md-0 h-px-0 v-inner-lg-0 v-inner-md-0 v-inner-0 style-547 style-local-129-c18 position-relative\">\n              <!---->\n              <!---->\n              <div class=\"w-100 h-y-container h-column__content h-column__v-align flex-basis-100 align-self-lg-center align-self-md-center align-self-center\">\n                <!---->\n                <div data-colibri-id=\"129-c19\" class=\"h-global-transition-all h-heading style-548 style-local-129-c19 position-relative h-element\">\n                  <!---->\n                  <div class=\"h-heading__outer style-548 style-local-129-c19\">\n                    <!---->\n                    <!---->\n                    <h2 class=\"\">Privatkunden <\/h2>\n                  <\/div>\n                <\/div>\n                <div data-colibri-id=\"129-c20\" class=\"h-text h-text-component style-549 style-local-129-c20 position-relative h-element\">\n                  <!---->\n                  <!---->\n                  <div class=\"\">\n                    <p><strong style=\"font-size: 15px; font-weight: 400;\">Gerne analysiere ich Ihre Situation und unterbreite&nbsp;Ihnen eine auf Sie abgestimmte Offerte!<\/strong><\/p>\n                    <ul>\n                      <li>Finanzanlagen<\/li>\n                      <li>S\u00e4ule 3a \/ 3b<\/li>\n                      <li>Todesfallversicherung<\/li>\n                      <li>Motorfahrzeug- \/ Bootsversicherungen<\/li>\n                      <li>Haushaltversicherung<\/li>\n                      <li>Privathaftpflicht<\/li>\n                      <li>Rechtsschutzversicherung<\/li>\n                      <li>Reiseversicherung<\/li>\n                      <li>Wertsachen<\/li>\n                      <li>Geb\u00e4udeversicherungen<\/li>\n                      <li>Bauversicherung<\/li>\n                      <li>Luftfahrt<\/li>\n                    <\/ul>\n                    <p>\n                      <br>\n                    <\/p>\n                  <\/div>\n                <\/div>\n              <\/div>\n            <\/div>\n          <\/div>\n        <\/div>\n      <\/div>\n    <\/div>\n  <\/div>\n  <div data-colibri-component=\"section\" data-colibri-id=\"129-c21\" id=\"reusable-sections-6\" class=\"h-section h-section-global-spacing d-flex align-items-lg-center align-items-md-center align-items-center style-560 style-local-129-c21 position-relative\">\n    <div class=\"background-wrapper\">\n      <div class=\"background-layer background-layer-media-container-lg\">\n        <div data-enabled=\"true\" data-colibri-component=\"parallax\" class=\"background-layer paraxify\" style=\"background-image: url(&quot;https:\/\/mss-consulting.ch\/wp-content\/uploads\/2023\/01\/Provisionen-oder-Honorarberatung-Finanzen-und-Versicherungen.jpg.webp&quot;);\"\n          model-id=\"129-c21\" media=\"desktop\" is-preview=\"true\"><\/div>\n        <div class=\"overlay-layer\">\n          <div class=\"overlay-image-layer\" style=\"background-image: linear-gradient(90deg, rgb(255, 255, 255) 40%, rgba(69, 58, 148, 0) 40%);\"><\/div>\n        <\/div>\n      <\/div>\n      <div class=\"background-layer background-layer-media-container-md\">\n        <div data-enabled=\"true\" data-colibri-component=\"parallax\" class=\"background-layer paraxify\" style=\"background-image: url(&quot;https:\/\/mss-consulting.ch\/wp-content\/uploads\/2023\/01\/Provisionen-oder-Honorarberatung-Finanzen-und-Versicherungen.jpg.webp&quot;);\"\n          model-id=\"129-c21\" media=\"tablet\" is-preview=\"true\"><\/div>\n        <div class=\"overlay-layer\">\n          <div class=\"overlay-image-layer\" style=\"background-image: linear-gradient(90deg, rgb(255, 255, 255) 40%, rgba(69, 58, 148, 0) 40%);\"><\/div>\n        <\/div>\n      <\/div>\n      <div class=\"background-layer background-layer-media-container\">\n        <div data-enabled=\"true\" data-colibri-component=\"parallax\" class=\"background-layer paraxify\" style=\"background-image: url(&quot;https:\/\/mss-consulting.ch\/wp-content\/uploads\/2023\/01\/Provisionen-oder-Honorarberatung-Finanzen-und-Versicherungen.jpg.webp&quot;);\"\n          model-id=\"129-c21\" media=\"mobile\" is-preview=\"true\"><\/div>\n        <div class=\"overlay-layer\">\n          <div class=\"overlay-image-layer\" style=\"background-image: linear-gradient(90deg, rgb(255, 255, 255) 40%, rgba(69, 58, 148, 0) 40%);\"><\/div>\n        <\/div>\n      <\/div>\n    <\/div>\n    <!---->\n    <div class=\"h-section-grid-container h-section-boxed-container\">\n      <!---->\n      <div data-colibri-id=\"129-c22\" class=\"h-row-container gutters-row-lg-2 gutters-row-md-2 gutters-row-2 gutters-row-v-lg-2 gutters-row-v-md-2 gutters-row-v-2 style-561 style-local-129-c22 position-relative\">\n        <!---->\n        <div class=\"h-row justify-content-lg-start justify-content-md-start justify-content-start align-items-lg-stretch align-items-md-stretch align-items-stretch gutters-col-lg-2 gutters-col-md-2 gutters-col-2 gutters-col-v-lg-2 gutters-col-v-md-2 gutters-col-v-2\">\n          <!---->\n          <div class=\"h-column h-column-container d-flex h-col-lg-auto h-col-md-auto h-col-auto style-562-outer style-local-129-c23-outer\">\n            <div data-colibri-id=\"129-c23\" class=\"d-flex h-flex-basis h-column__inner h-px-lg-0 h-px-md-0 h-px-0 v-inner-lg-0 v-inner-md-0 v-inner-0 style-562 style-local-129-c23 position-relative\">\n              <!---->\n              <!---->\n              <div class=\"w-100 h-y-container h-column__content h-column__v-align flex-basis-100 align-self-lg-center align-self-md-center align-self-center\">\n                <!---->\n                <div data-colibri-id=\"129-c24\" class=\"h-global-transition-all h-heading style-563 style-local-129-c24 position-relative h-element\">\n                  <!---->\n                  <div class=\"h-heading__outer style-563 style-local-129-c24\">\n                    <!---->\n                    <!---->\n                    <h2 class=\"\">Gesamt- Beratung<\/h2>\n                  <\/div>\n                <\/div>\n                <div data-colibri-id=\"129-c25\" class=\"h-text h-text-component style-564 style-local-129-c25 position-relative h-element\">\n                  <!---->\n                  <!---->\n                  <div class=\"\">\n                    <p>Gerne berate ich Sie nachhaltig in s\u00e4mtlichen Versicherungs- und Vorsorgefragen und sorge f\u00fcr Ihre optimale Sicherheit gepaart mit allf\u00e4lligen Steuerersparnissen. Selbstverst\u00e4ndlich erledige ich auch sehr gerne Ihre Steuerangelegenheiten.<\/p>\n                  <\/div>\n                <\/div>\n              <\/div>\n            <\/div>\n          <\/div>\n        <\/div>\n      <\/div>\n    <\/div>\n  <\/div>\n<\/div>","protected":false},"excerpt":{"rendered":"<p>Es ist besser eine Versicherung zu haben und nicht zu ben\u00f6tigen, als eine zu ben\u00f6tigen und nicht zu haben!&nbsp; &#8220; Er war versichert. Die Welt konnte ihm gestohlen bleiben &#8222; Erhard Horst Bellermann Jetzt Termin Anfragen! KMU Gerne analysiere ich Ihre Situation und unterbreite&nbsp;Ihnen eine auf Sie abgestimmte Offerte! BVG Debitorenausfallversicherung Cyber-Versicherung\ufeff Organhaftpflichtversicherung Berufshaftpflichtversicherung KKV [&hellip;]<\/p>\n","protected":false},"author":1,"featured_media":0,"parent":0,"menu_order":0,"comment_status":"closed","ping_status":"closed","template":"page-templates\/full-width-page.php","meta":{"footnotes":""},"class_list":["post-129","page","type-page","status-publish","hentry"],"_links":{"self":[{"href":"https:\/\/mss-consulting.ch\/index.php?rest_route=\/wp\/v2\/pages\/129","targetHints":{"allow":["GET"]}}],"collection":[{"href":"https:\/\/mss-consulting.ch\/index.php?rest_route=\/wp\/v2\/pages"}],"about":[{"href":"https:\/\/mss-consulting.ch\/index.php?rest_route=\/wp\/v2\/types\/page"}],"author":[{"embeddable":true,"href":"https:\/\/mss-consulting.ch\/index.php?rest_route=\/wp\/v2\/users\/1"}],"replies":[{"embeddable":true,"href":"https:\/\/mss-consulting.ch\/index.php?rest_route=%2Fwp%2Fv2%2Fcomments&post=129"}],"version-history":[{"count":20,"href":"https:\/\/mss-consulting.ch\/index.php?rest_route=\/wp\/v2\/pages\/129\/revisions"}],"predecessor-version":[{"id":1959,"href":"https:\/\/mss-consulting.ch\/index.php?rest_route=\/wp\/v2\/pages\/129\/revisions\/1959"}],"wp:attachment":[{"href":"https:\/\/mss-consulting.ch\/index.php?rest_route=%2Fwp%2Fv2%2Fmedia&parent=129"}],"curies":[{"name":"wp","href":"https:\/\/api.w.org\/{rel}","templated":true}]}}