{"id":145,"date":"2023-01-01T16:05:40","date_gmt":"2023-01-01T15:05:40","guid":{"rendered":"http:\/\/mss-consulting.ch\/?page_id=145"},"modified":"2023-02-13T08:42:37","modified_gmt":"2023-02-13T07:42:37","slug":"steuern","status":"publish","type":"page","link":"https:\/\/mss-consulting.ch\/?page_id=145","title":{"rendered":"Steuern"},"content":{"rendered":"<div data-colibri-id=\"145-c1\" class=\"style-214 style-local-145-c1 position-relative\">\n  <!---->\n  <div data-colibri-component=\"section\" data-colibri-id=\"145-c2\" id=\"reusable-sections\" class=\"h-section h-section-global-spacing d-flex align-items-lg-center align-items-md-center align-items-center style-215 style-local-145-c2 position-relative\">\n    <!---->\n    <!---->\n    <div class=\"h-section-grid-container h-section-boxed-container\">\n      <!---->\n      <div data-colibri-id=\"145-c3\" class=\"h-row-container gutters-row-lg-2 gutters-row-md-2 gutters-row-2 gutters-row-v-lg-2 gutters-row-v-md-2 gutters-row-v-2 style-216 style-local-145-c3 position-relative\">\n        <!---->\n        <div class=\"h-row justify-content-lg-center justify-content-md-center justify-content-center align-items-lg-stretch align-items-md-stretch align-items-stretch gutters-col-lg-2 gutters-col-md-2 gutters-col-2 gutters-col-v-lg-2 gutters-col-v-md-2 gutters-col-v-2\">\n          <!---->\n          <div class=\"h-column h-column-container d-flex h-col-lg-auto h-col-md-auto h-col-auto style-217-outer style-local-145-c4-outer\">\n            <div data-colibri-id=\"145-c4\" class=\"d-flex h-flex-basis h-column__inner h-px-lg-2 h-px-md-2 h-px-2 v-inner-lg-2 v-inner-md-2 v-inner-2 style-217 style-local-145-c4 position-relative\">\n              <!---->\n              <!---->\n              <div class=\"w-100 h-y-container h-column__content h-column__v-align flex-basis-100 align-self-lg-center align-self-md-center align-self-center\">\n                <!---->\n                <div data-colibri-id=\"145-c5\" class=\"h-global-transition-all h-heading style-218 style-local-145-c5 position-relative h-element\">\n                  <!---->\n                  <div class=\"h-heading__outer style-218 style-local-145-c5\">\n                    <!---->\n                    <!---->\n                    <h4 class=\"\">steuern statt Steuern!&nbsp;<\/h4>\n                  <\/div>\n                <\/div>\n                <div data-colibri-id=\"145-c6\" class=\"h-text h-text-component style-219 style-local-145-c6 position-relative h-element\">\n                  <!---->\n                  <!---->\n                  <div class=\"\">\n                    <p><em style=\"font-weight: 300; font-size: 15px; font-family: Arial, sans-serif; color: rgb(85, 85, 85);\">&#8220; Geld kommt und geht, Zeit geht nur &#8222;<br>&nbsp;Dominic DoCuir (deutscher Modedesigner)<\/em><\/p>\n                  <\/div>\n                <\/div>\n              <\/div>\n            <\/div>\n          <\/div>\n          <div class=\"h-column h-column-container d-flex h-col-lg-auto h-col-md-auto h-col-auto style-222-outer style-local-145-c7-outer\">\n            <div data-colibri-id=\"145-c7\" class=\"d-flex h-flex-basis h-column__inner h-px-lg-2 h-px-md-2 h-px-2 v-inner-lg-2 v-inner-md-2 v-inner-2 style-222 style-local-145-c7 position-relative\">\n              <!---->\n              <!---->\n              <div class=\"w-100 h-y-container h-column__content h-column__v-align flex-basis-100 align-self-lg-center align-self-md-center align-self-center\">\n                <!---->\n                <div data-colibri-id=\"145-c8\" class=\"h-x-container style-532 style-local-145-c8 position-relative h-element\">\n                  <!---->\n                  <div class=\"h-x-container-inner style-dynamic-145-c8-group style-532-spacing style-local-145-c8-spacing\"><span class=\"h-button__outer style-533-outer style-local-145-c9-outer d-inline-flex h-element\"><a h-use-smooth-scroll=\"true\" href=\"https:\/\/outlook.office365.com\/owa\/calendar\/MSSConsulting1@mss-consulting.ch\/bookings\/s\/L0Kz1Wub10K8K1v7krHjWQ2\"  data-colibri-id=\"145-c9\" class=\"d-flex w-100 align-items-center h-button justify-content-lg-center justify-content-md-center justify-content-center style-533 style-local-145-c9 position-relative\"><!----><!----> <span>Steuererkl\u00e4rungen Nat\u00fcrliche Personen<\/span><\/a>\n                    <\/span><span class=\"h-button__outer style-533-outer style-local-145-c10-outer d-inline-flex h-element\"><a h-use-smooth-scroll=\"true\" href=\"https:\/\/mss-consulting.ch\/wp-content\/uploads\/2023\/02\/Checkliste_Steuerunterlagen-1.pdf\"  data-colibri-id=\"145-c10\" class=\"d-flex w-100 align-items-center h-button justify-content-lg-center justify-content-md-center justify-content-center style-533 style-local-145-c10 position-relative\"><!----><!----> <span>Download Checkliste<\/span><\/a>\n                    <\/span>\n                  <\/div>\n                <\/div>\n              <\/div>\n            <\/div>\n          <\/div>\n        <\/div>\n      <\/div>\n    <\/div>\n  <\/div>\n  <div data-colibri-component=\"section\" data-colibri-id=\"145-c11\" id=\"reusable-sections-2\" class=\"h-section h-section-global-spacing d-flex align-items-lg-center align-items-md-center align-items-center style-514 style-local-145-c11 position-relative\">\n    <div class=\"background-wrapper\">\n      <div class=\"background-layer background-layer-media-container-lg\">\n        <div data-enabled=\"true\" data-colibri-component=\"parallax\" class=\"background-layer paraxify\" style=\"background-image: url(&quot;https:\/\/mss-consulting.ch\/wp-content\/uploads\/2023\/01\/steuern-schweiz.jpg&quot;);\" model-id=\"145-c11\" media=\"desktop\"\n          is-preview=\"true\"><\/div>\n        <div class=\"overlay-layer\">\n          <div class=\"overlay-image-layer\" style=\"background-image: linear-gradient(90deg, rgb(255, 255, 255) 40%, rgba(69, 58, 148, 0) 40%);\"><\/div>\n        <\/div>\n      <\/div>\n      <div class=\"background-layer background-layer-media-container-md\">\n        <div data-enabled=\"true\" data-colibri-component=\"parallax\" class=\"background-layer paraxify\" style=\"background-image: url(&quot;https:\/\/mss-consulting.ch\/wp-content\/uploads\/2023\/01\/steuern-schweiz.jpg&quot;);\" model-id=\"145-c11\" media=\"tablet\" is-preview=\"true\"><\/div>\n        <div class=\"overlay-layer\">\n          <div class=\"overlay-image-layer\" style=\"background-image: linear-gradient(90deg, rgb(255, 255, 255) 40%, rgba(69, 58, 148, 0) 40%);\"><\/div>\n        <\/div>\n      <\/div>\n      <div class=\"background-layer background-layer-media-container\">\n        <div data-enabled=\"true\" data-colibri-component=\"parallax\" class=\"background-layer paraxify\" style=\"background-image: url(&quot;https:\/\/mss-consulting.ch\/wp-content\/uploads\/2023\/01\/steuern-schweiz.jpg&quot;);\" model-id=\"145-c11\" media=\"mobile\" is-preview=\"true\"><\/div>\n        <div class=\"overlay-layer\">\n          <div class=\"overlay-image-layer\" style=\"background-image: linear-gradient(90deg, rgb(255, 255, 255) 40%, rgba(69, 58, 148, 0) 40%);\"><\/div>\n        <\/div>\n      <\/div>\n    <\/div>\n    <!---->\n    <div class=\"h-section-grid-container h-section-boxed-container\">\n      <!---->\n      <div data-colibri-id=\"145-c12\" class=\"h-row-container gutters-row-lg-2 gutters-row-md-2 gutters-row-2 gutters-row-v-lg-2 gutters-row-v-md-2 gutters-row-v-2 style-515 style-local-145-c12 position-relative\">\n        <!---->\n        <div class=\"h-row justify-content-lg-start justify-content-md-start justify-content-start align-items-lg-stretch align-items-md-stretch align-items-stretch gutters-col-lg-2 gutters-col-md-2 gutters-col-2 gutters-col-v-lg-2 gutters-col-v-md-2 gutters-col-v-2\">\n          <!---->\n          <div class=\"h-column h-column-container d-flex h-col-lg-auto h-col-md-auto h-col-auto style-516-outer style-local-145-c13-outer\">\n            <div data-colibri-id=\"145-c13\" class=\"d-flex h-flex-basis h-column__inner h-px-lg-0 h-px-md-0 h-px-0 v-inner-lg-0 v-inner-md-0 v-inner-0 style-516 style-local-145-c13 position-relative\">\n              <!---->\n              <!---->\n              <div class=\"w-100 h-y-container h-column__content h-column__v-align flex-basis-100 align-self-lg-center align-self-md-center align-self-center\">\n                <!---->\n                <div data-colibri-id=\"145-c14\" class=\"h-global-transition-all h-heading style-517 style-local-145-c14 position-relative h-element\">\n                  <!---->\n                  <div class=\"h-heading__outer style-517 style-local-145-c14\">\n                    <!---->\n                    <!---->\n                    <h2 class=\"\"><span style=\"font-size: 92%;\">Steuererkl\u00e4rung<\/span><\/h2>\n                  <\/div>\n                <\/div>\n                <div data-colibri-id=\"145-c15\" class=\"h-text h-text-component style-518 style-local-145-c15 position-relative h-element\">\n                  <!---->\n                  <!---->\n                  <div class=\"\">\n                    <p>Der Einblick in Ihre Finanzen ist sehr diskret und deshalb komme ich zu Ihnen nach Hause und f\u00fclle in Ihrem Beisein Ihre Steuererkl\u00e4rung aus.&nbsp;<\/p>\n                    <p>Eine Checkliste zur optimalen Vorbereitung finden Sie in unserem Download Bereich.<\/p>\n                    <p>Buchen Sie noch heute Ihren Termin!&nbsp;<\/p>\n                  <\/div>\n                <\/div>\n              <\/div>\n            <\/div>\n          <\/div>\n        <\/div>\n      <\/div>\n    <\/div>\n  <\/div>\n  <div data-colibri-component=\"section\" data-colibri-id=\"145-c16\" id=\"reusable-sections-3\" class=\"h-section h-section-global-spacing d-flex align-items-lg-center align-items-md-center align-items-center style-519 style-local-145-c16 position-relative\">\n    <div class=\"background-wrapper\">\n      <div class=\"background-layer background-layer-media-container-lg\">\n        <div data-enabled=\"true\" data-colibri-component=\"parallax\" class=\"background-layer paraxify\" style=\"background-image: url(&quot;https:\/\/mss-consulting.ch\/wp-content\/uploads\/2023\/01\/cropped-Steuerberatung-Zurich-Einsprache-Steuerverfahren-scaled-1.jpg&quot;);\"\n          model-id=\"145-c16\" media=\"desktop\" is-preview=\"true\"><\/div>\n        <div class=\"overlay-layer\">\n          <div class=\"overlay-image-layer\" style=\"background-image: linear-gradient(-90deg, rgb(255, 255, 255) 40%, rgba(69, 58, 148, 0) 40%);\"><\/div>\n        <\/div>\n      <\/div>\n      <div class=\"background-layer background-layer-media-container-md\">\n        <div data-enabled=\"true\" data-colibri-component=\"parallax\" class=\"background-layer paraxify\" style=\"background-image: url(&quot;https:\/\/mss-consulting.ch\/wp-content\/uploads\/2023\/01\/cropped-Steuerberatung-Zurich-Einsprache-Steuerverfahren-scaled-1.jpg&quot;);\"\n          model-id=\"145-c16\" media=\"tablet\" is-preview=\"true\"><\/div>\n        <div class=\"overlay-layer\">\n          <div class=\"overlay-image-layer\" style=\"background-image: linear-gradient(-90deg, rgb(255, 255, 255) 40%, rgba(69, 58, 148, 0) 40%);\"><\/div>\n        <\/div>\n      <\/div>\n      <div class=\"background-layer background-layer-media-container\">\n        <div data-enabled=\"true\" data-colibri-component=\"parallax\" class=\"background-layer paraxify\" style=\"background-image: url(&quot;https:\/\/mss-consulting.ch\/wp-content\/uploads\/2023\/01\/cropped-Steuerberatung-Zurich-Einsprache-Steuerverfahren-scaled-1.jpg&quot;);\"\n          model-id=\"145-c16\" media=\"mobile\" is-preview=\"true\"><\/div>\n        <div class=\"overlay-layer\">\n          <div class=\"overlay-image-layer\" style=\"background-image: linear-gradient(-90deg, rgb(255, 255, 255) 40%, rgba(69, 58, 148, 0) 40%);\"><\/div>\n        <\/div>\n      <\/div>\n    <\/div>\n    <!---->\n    <div class=\"h-section-grid-container h-section-boxed-container\">\n      <!---->\n      <div data-colibri-id=\"145-c17\" class=\"h-row-container gutters-row-lg-2 gutters-row-md-2 gutters-row-2 gutters-row-v-lg-2 gutters-row-v-md-2 gutters-row-v-2 style-520 style-local-145-c17 position-relative\">\n        <!---->\n        <div class=\"h-row justify-content-lg-end justify-content-md-end justify-content-end align-items-lg-stretch align-items-md-stretch align-items-stretch gutters-col-lg-2 gutters-col-md-2 gutters-col-2 gutters-col-v-lg-2 gutters-col-v-md-2 gutters-col-v-2\">\n          <!---->\n          <div class=\"h-column h-column-container d-flex h-col-lg-auto h-col-md-auto h-col-auto style-521-outer style-local-145-c18-outer\">\n            <div data-colibri-id=\"145-c18\" class=\"d-flex h-flex-basis h-column__inner h-px-lg-0 h-px-md-0 h-px-0 v-inner-lg-0 v-inner-md-0 v-inner-0 style-521 style-local-145-c18 position-relative\">\n              <!---->\n              <!---->\n              <div class=\"w-100 h-y-container h-column__content h-column__v-align flex-basis-100 align-self-lg-center align-self-md-center align-self-center\">\n                <!---->\n                <div data-colibri-id=\"145-c19\" class=\"h-global-transition-all h-heading style-522 style-local-145-c19 position-relative h-element\">\n                  <!---->\n                  <div class=\"h-heading__outer style-522 style-local-145-c19\">\n                    <!---->\n                    <!---->\n                    <h2 class=\"\">Einsprache<\/h2>\n                  <\/div>\n                <\/div>\n                <div data-colibri-id=\"145-c20\" class=\"h-text h-text-component style-523 style-local-145-c20 position-relative h-element\">\n                  <!---->\n                  <!---->\n                  <div class=\"\">\n                    <p>Selbstverst\u00e4ndlich \u00fcberpr\u00fcfe ich Ihre Veranlagung und unterst\u00fctze Sie bei allf\u00e4lligen Einsprachen!<\/p>\n                    <ul>\n                      <li>Nach Erhalt der Definitiven Veranlagung haben Sie 30 Tage Zeit, eine allf\u00e4llige Einsprache zu machen. Das \u00dcberpr\u00fcfen und Beraten bez\u00fcglich einer Einsprache durch mich, ist f\u00fcr Sie kostenlos wenn ich Ihre Steuererkl\u00e4rung ausgef\u00fcllt\n                        habe.<\/li>\n                      <li>Selbstverst\u00e4ndlich erledige ich Ihnen auch die gesamte Einsprache-Korrespondenz nach Aufwand.<\/li>\n                    <\/ul>\n                    <p>\n                      <br>\n                    <\/p>\n                  <\/div>\n                <\/div>\n              <\/div>\n            <\/div>\n          <\/div>\n        <\/div>\n      <\/div>\n    <\/div>\n  <\/div>\n  <div data-colibri-component=\"section\" data-colibri-id=\"145-c21\" id=\"reusable-sections-4\" class=\"h-section h-section-global-spacing d-flex align-items-lg-center align-items-md-center align-items-center style-524 style-local-145-c21 position-relative\">\n    <div class=\"background-wrapper\">\n      <div class=\"background-layer background-layer-media-container-lg\">\n        <div data-enabled=\"true\" data-colibri-component=\"parallax\" class=\"background-layer paraxify\" style=\"background-image: url(&quot;https:\/\/mss-consulting.ch\/wp-content\/uploads\/2023\/01\/Geld-700x394-1.jpg&quot;);\" model-id=\"145-c21\" media=\"desktop\" is-preview=\"true\"><\/div>\n        <div class=\"overlay-layer\">\n          <div class=\"overlay-image-layer\" style=\"background-image: linear-gradient(90deg, rgb(255, 255, 255) 40%, rgba(69, 58, 148, 0) 40%);\"><\/div>\n        <\/div>\n      <\/div>\n      <div class=\"background-layer background-layer-media-container-md\">\n        <div data-enabled=\"true\" data-colibri-component=\"parallax\" class=\"background-layer paraxify\" style=\"background-image: url(&quot;https:\/\/mss-consulting.ch\/wp-content\/uploads\/2023\/01\/Geld-700x394-1.jpg&quot;);\" model-id=\"145-c21\" media=\"tablet\" is-preview=\"true\"><\/div>\n        <div class=\"overlay-layer\">\n          <div class=\"overlay-image-layer\" style=\"background-image: linear-gradient(90deg, rgb(255, 255, 255) 40%, rgba(69, 58, 148, 0) 40%);\"><\/div>\n        <\/div>\n      <\/div>\n      <div class=\"background-layer background-layer-media-container\">\n        <div data-enabled=\"true\" data-colibri-component=\"parallax\" class=\"background-layer paraxify\" style=\"background-image: url(&quot;https:\/\/mss-consulting.ch\/wp-content\/uploads\/2023\/01\/Geld-700x394-1.jpg&quot;);\" model-id=\"145-c21\" media=\"mobile\" is-preview=\"true\"><\/div>\n        <div class=\"overlay-layer\">\n          <div class=\"overlay-image-layer\" style=\"background-image: linear-gradient(90deg, rgb(255, 255, 255) 40%, rgba(69, 58, 148, 0) 40%);\"><\/div>\n        <\/div>\n      <\/div>\n    <\/div>\n    <!---->\n    <div class=\"h-section-grid-container h-section-boxed-container\">\n      <!---->\n      <div data-colibri-id=\"145-c22\" class=\"h-row-container gutters-row-lg-2 gutters-row-md-2 gutters-row-2 gutters-row-v-lg-2 gutters-row-v-md-2 gutters-row-v-2 style-525 style-local-145-c22 position-relative\">\n        <!---->\n        <div class=\"h-row justify-content-lg-start justify-content-md-start justify-content-start align-items-lg-stretch align-items-md-stretch align-items-stretch gutters-col-lg-2 gutters-col-md-2 gutters-col-2 gutters-col-v-lg-2 gutters-col-v-md-2 gutters-col-v-2\">\n          <!---->\n          <div class=\"h-column h-column-container d-flex h-col-lg-auto h-col-md-auto h-col-auto style-526-outer style-local-145-c23-outer\">\n            <div data-colibri-id=\"145-c23\" class=\"d-flex h-flex-basis h-column__inner h-px-lg-0 h-px-md-0 h-px-0 v-inner-lg-0 v-inner-md-0 v-inner-0 style-526 style-local-145-c23 position-relative\">\n              <!---->\n              <!---->\n              <div class=\"w-100 h-y-container h-column__content h-column__v-align flex-basis-100 align-self-lg-center align-self-md-center align-self-center\">\n                <!---->\n                <div data-colibri-id=\"145-c24\" class=\"h-global-transition-all h-heading style-527 style-local-145-c24 position-relative h-element\">\n                  <!---->\n                  <div class=\"h-heading__outer style-527 style-local-145-c24\">\n                    <!---->\n                    <!---->\n                    <h2 class=\"\"><span style=\"font-size: 90%;\">Nachhaltige Steuerberatung<\/span><\/h2>\n                  <\/div>\n                <\/div>\n                <div data-colibri-id=\"145-c25\" class=\"h-text h-text-component style-528 style-local-145-c25 position-relative h-element\">\n                  <!---->\n                  <!---->\n                  <div class=\"\">\n                    <p><span style=\"color: rgb(85, 85, 85); font-family: Arial, sans-serif; font-size: 15px; font-weight: 300;\">&#8220; Das steuern ist wichtiger als die Steuern! &#8222;<\/span><\/p>\n                  <\/div>\n                <\/div>\n              <\/div>\n            <\/div>\n          <\/div>\n        <\/div>\n      <\/div>\n    <\/div>\n  <\/div>\n<\/div>","protected":false},"excerpt":{"rendered":"<p>steuern statt Steuern!&nbsp; &#8220; Geld kommt und geht, Zeit geht nur &#8222;&nbsp;Dominic DoCuir (deutscher Modedesigner) Steuererkl\u00e4rungen Nat\u00fcrliche Personen Download Checkliste Steuererkl\u00e4rung Der Einblick in Ihre Finanzen ist sehr diskret und deshalb komme ich zu Ihnen nach Hause und f\u00fclle in Ihrem Beisein Ihre Steuererkl\u00e4rung aus.&nbsp; Eine Checkliste zur optimalen Vorbereitung finden Sie in unserem Download [&hellip;]<\/p>\n","protected":false},"author":1,"featured_media":0,"parent":0,"menu_order":0,"comment_status":"closed","ping_status":"closed","template":"page-templates\/full-width-page.php","meta":{"footnotes":""},"class_list":["post-145","page","type-page","status-publish","hentry"],"_links":{"self":[{"href":"https:\/\/mss-consulting.ch\/index.php?rest_route=\/wp\/v2\/pages\/145","targetHints":{"allow":["GET"]}}],"collection":[{"href":"https:\/\/mss-consulting.ch\/index.php?rest_route=\/wp\/v2\/pages"}],"about":[{"href":"https:\/\/mss-consulting.ch\/index.php?rest_route=\/wp\/v2\/types\/page"}],"author":[{"embeddable":true,"href":"https:\/\/mss-consulting.ch\/index.php?rest_route=\/wp\/v2\/users\/1"}],"replies":[{"embeddable":true,"href":"https:\/\/mss-consulting.ch\/index.php?rest_route=%2Fwp%2Fv2%2Fcomments&post=145"}],"version-history":[{"count":20,"href":"https:\/\/mss-consulting.ch\/index.php?rest_route=\/wp\/v2\/pages\/145\/revisions"}],"predecessor-version":[{"id":1920,"href":"https:\/\/mss-consulting.ch\/index.php?rest_route=\/wp\/v2\/pages\/145\/revisions\/1920"}],"wp:attachment":[{"href":"https:\/\/mss-consulting.ch\/index.php?rest_route=%2Fwp%2Fv2%2Fmedia&parent=145"}],"curies":[{"name":"wp","href":"https:\/\/api.w.org\/{rel}","templated":true}]}}