{"id":6,"date":"2023-01-01T15:44:34","date_gmt":"2023-01-01T14:44:34","guid":{"rendered":"http:\/\/mss-consulting.ch\/?page_id=6"},"modified":"2023-08-30T16:38:36","modified_gmt":"2023-08-30T14:38:36","slug":"colibri-wp","status":"publish","type":"page","link":"https:\/\/mss-consulting.ch\/","title":{"rendered":"Front Page"},"content":{"rendered":"<div data-colibri-id=\"6-c1\" class=\"style-249 style-local-6-c1 position-relative\">\n  <!---->\n  <div data-colibri-component=\"section\" data-colibri-id=\"6-c2\" id=\"content\" class=\"h-section h-section-global-spacing d-flex align-items-lg-center align-items-md-center align-items-center style-318 style-local-6-c2 position-relative\">\n    <!---->\n    <!---->\n    <div class=\"h-section-grid-container h-section-boxed-container\">\n      <div data-colibri-id=\"6-c6\" class=\"h-row-container gutters-row-lg-2 gutters-row-md-2 gutters-row-2 gutters-row-v-lg-2 gutters-row-v-md-2 gutters-row-v-2 style-322 style-local-6-c6 position-relative\">\n        <!---->\n        <div class=\"h-row justify-content-lg-center justify-content-md-center justify-content-center align-items-lg-stretch align-items-md-stretch align-items-stretch gutters-col-lg-2 gutters-col-md-2 gutters-col-2 gutters-col-v-lg-2 gutters-col-v-md-2 gutters-col-v-2\">\n          <!---->\n          <div class=\"h-column h-column-container d-flex h-col-lg-auto h-col-md-auto h-col-auto style-323-outer style-local-6-c7-outer\">\n            <div data-colibri-id=\"6-c7\" class=\"d-flex h-flex-basis h-column__inner h-px-lg-2 h-px-md-2 h-px-0 v-inner-lg-2 v-inner-md-2 v-inner-0 style-323 style-local-6-c7 position-relative\">\n              <!---->\n              <!---->\n              <div class=\"w-100 h-y-container h-column__content h-column__v-align flex-basis-100 align-self-lg-start align-self-md-start align-self-start\">\n                <!---->\n                <div data-colibri-id=\"6-c8\" class=\"h-lead h-text h-text-component style-325 style-local-6-c8 position-relative h-element\">\n                  <!---->\n                  <!---->\n                  <div class=\"\">\n                    <p><span style=\"color: rgb(23, 37, 42); font-family: &quot;Open Sans&quot;; font-size: 20px; font-weight: 300;\">W\u00e4hrend mehreren Jahrzehnten war ich als Leiter Finanzen (CFO), Leiter Personal (HR) und Administration in verschiedenen KMU\u2019s t\u00e4tig. Durch meine langj\u00e4hrigen beruflichen Erfahrungen sowie entsprechenden Weiterbildungen besitze ich umfassendes Fach- und F\u00fchrungswissen. Genau diese Erfahrung und mein Engagement setze ich f\u00fcr Sie ein. <br><br>Unsere Zusammenarbeit basiert darauf, dass Sie von Anfang an Ihr pers\u00f6nliches Ziel an uns setzen. Wir k\u00fcmmern uns um den Weg und um Sie!<br><br>Ihr Marc-Steven Siegfried<\/span><\/p>\n                  <\/div>\n                <\/div>\n              <\/div>\n            <\/div>\n          <\/div>\n        <\/div>\n      <\/div>\n      <div data-colibri-id=\"6-c3\" class=\"h-row-container gutters-row-lg-2 gutters-row-md-2 gutters-row-2 gutters-row-v-lg-2 gutters-row-v-md-2 gutters-row-v-2 style-319 style-local-6-c3 position-relative\">\n        <!---->\n        <div class=\"h-row justify-content-lg-center justify-content-md-center justify-content-center align-items-lg-stretch align-items-md-stretch align-items-stretch gutters-col-lg-2 gutters-col-md-2 gutters-col-2 gutters-col-v-lg-2 gutters-col-v-md-2 gutters-col-v-2\">\n          <!---->\n          <div class=\"h-column h-column-container d-flex h-col-lg-auto h-col-md-auto h-col-auto style-320-outer style-local-6-c4-outer\">\n            <div data-colibri-id=\"6-c4\" class=\"d-flex h-flex-basis h-column__inner h-px-lg-0 h-px-md-0 h-px-0 v-inner-lg-0 v-inner-md-0 v-inner-0 style-320 style-local-6-c4 position-relative\">\n              <!---->\n              <!---->\n              <div class=\"w-100 h-y-container h-column__content h-column__v-align flex-basis-100 align-self-lg-start align-self-md-start align-self-start\">\n                <!---->\n                <div data-colibri-id=\"6-c5\" class=\"d-block style-321 style-local-6-c5 position-relative h-element\">\n                  <!---->\n                  <div class=\"h-image__frame-container-outer\">\n                    <div class=\"h-image__frame-container\">\n                      <!---->\n                      <!---->\n                      <img decoding=\"async\" src=\"https:\/\/mss-consulting.ch\/wp-content\/uploads\/2023\/02\/IMG_1549-1-225x300.jpeg\" class=\"style-321-image style-local-6-c5-image\">\n                      <div class=\"h-image__frame style-321-frameImage style-local-6-c5-frameImage\"><\/div>\n                    <\/div>\n                  <\/div>\n                <\/div>\n              <\/div>\n            <\/div>\n          <\/div>\n        <\/div>\n      <\/div>\n    <\/div>\n  <\/div>\n  <div data-colibri-component=\"section\" data-colibri-id=\"6-c9\" id=\"contact\" class=\"h-section h-section-global-spacing d-flex align-items-lg-center align-items-md-center align-items-center style-253 style-local-6-c9 position-relative\">\n    <!---->\n    <!---->\n    <div class=\"h-section-grid-container h-section-boxed-container\">\n      <!---->\n      <div data-colibri-id=\"6-c10\" class=\"h-row-container gutters-row-lg-2 gutters-row-md-2 gutters-row-2 gutters-row-v-lg-2 gutters-row-v-md-2 gutters-row-v-2 style-254 style-local-6-c10 position-relative\">\n        <!---->\n        <div class=\"h-row justify-content-lg-center justify-content-md-center justify-content-center align-items-lg-stretch align-items-md-stretch align-items-stretch gutters-col-lg-2 gutters-col-md-2 gutters-col-2 gutters-col-v-lg-2 gutters-col-v-md-2 gutters-col-v-2\">\n          <!---->\n          <div class=\"h-column h-column-container d-flex h-col-lg-3 h-col-md-3 h-col-12 style-255-outer style-local-6-c11-outer\">\n            <div data-colibri-id=\"6-c11\" class=\"d-flex h-flex-basis h-column__inner h-px-lg-0 h-px-md-0 h-px-0 v-inner-lg-0 v-inner-md-0 v-inner-0 style-255 style-local-6-c11 position-relative\">\n              <!---->\n              <!---->\n              <div class=\"w-100 h-y-container h-column__content h-column__v-align flex-basis-100 align-self-lg-start align-self-md-start align-self-start\">\n                <!---->\n                <div data-colibri-id=\"6-c12\" class=\"h-icon style-256 style-local-6-c12 position-relative h-element\">\n                  <!---->\n                  <a href=\"https:\/\/www.google.ch\/maps\/place\/MSS+Consulting\/@46.9518844,7.2483354,16z\/data=!3m1!4b1!4m5!3m4!1s0x478e1598eeca1115:0xc03fbfe9bb7ec189!8m2!3d46.9518774!4d7.2573155?hl=de\" h-use-smooth-scroll=\"true\"><span class=\"h-svg-icon h-icon__icon style-256-icon style-local-6-c12-icon\"><!--Icon by Icons8 Line Awesome (https:\/\/icons8.com\/line-awesome)--><svg version=\"1.1\" xmlns=\"http:\/\/www.w3.org\/2000\/svg\" xmlns:xlink=\"http:\/\/www.w3.org\/1999\/xlink\" id=\"map-marker\" viewBox=\"0 0 512 545.5\"><path d=\"M256 80c79.336 0 144 64.664 144 144 0 22.5-9.116 48.313-21.5 76.5s-28.314 58.098-44.5 86C301.628 442.306 269 489 269 489l-13 19-13-19s-32.628-46.694-65-102.5c-16.186-27.902-32.116-57.813-44.5-86S112 246.5 112 224c0-79.336 64.664-144 144-144zm0 32c-62.04 0-112 49.96-112 112 0 12.844 6.884 37.06 18.5 63.5s27.686 55.738 43.5 83c25.155 43.364 40.74 66.3 50 80 9.26-13.7 24.845-36.636 50-80 15.815-27.262 31.884-56.56 43.5-83S368 236.844 368 224c0-62.04-49.96-112-112-112zm0 80c17.673 0 32 14.327 32 32s-14.327 32-32 32-32-14.327-32-32 14.327-32 32-32z\"><\/path><\/svg><\/span><\/a>\n                <\/div>\n                <div data-colibri-id=\"6-c13\" class=\"h-global-transition-all h-heading style-257 style-local-6-c13 position-relative h-element\">\n                  <!---->\n                  <div class=\"h-heading__outer style-257 style-local-6-c13\">\n                    <!---->\n                    <!---->\n                    <a href=\"https:\/\/www.google.ch\/maps\/place\/MSS+Consulting\/@46.9518844,7.2483354,16z\/data=!3m1!4b1!4m5!3m4!1s0x478e1598eeca1115:0xc03fbfe9bb7ec189!8m2!3d46.9518774!4d7.2573155?hl=de\" h-use-smooth-scroll=\"true\">\n                      <h4 class=\"\">B\u00fcro<\/h4>\n                    <\/a>\n                  <\/div>\n                <\/div>\n                <div data-colibri-id=\"6-c14\" class=\"h-divider style-258 style-local-6-c14 position-relative h-element\">\n                  <!----><span class=\"h-divider__line style-258-line style-local-6-c14-line style-258-line style-local-6-c14-line\"><\/span><\/div>\n                <div data-colibri-id=\"6-c15\" class=\"h-text h-text-component style-259 style-local-6-c15 position-relative h-element\">\n                  <!---->\n                  <!---->\n                  <div class=\"\">\n                    <p>Bodenacherweg 3\n                      <br><span style=\"font-weight: 400; font-size: 16px; font-family: &quot;Open Sans&quot;; color: rgb(37, 41, 42);\">3203 M\u00fchleberg<\/span>\n                      <br>\n                    <\/p>\n                  <\/div>\n                <\/div>\n              <\/div>\n            <\/div>\n          <\/div>\n          <div class=\"h-column h-column-container d-flex h-col-lg-3 h-col-md-3 h-col-12 style-255-outer style-local-6-c16-outer\">\n            <div data-colibri-id=\"6-c16\" class=\"d-flex h-flex-basis h-column__inner h-px-lg-0 h-px-md-0 h-px-0 v-inner-lg-0 v-inner-md-0 v-inner-0 style-255 style-local-6-c16 position-relative\">\n              <!---->\n              <!---->\n              <div class=\"w-100 h-y-container h-column__content h-column__v-align flex-basis-100 align-self-lg-start align-self-md-start align-self-start\">\n                <!---->\n                <div data-colibri-id=\"6-c17\" class=\"h-icon style-256 style-local-6-c17 position-relative h-element\">\n                  <!----><span class=\"h-svg-icon h-icon__icon style-256-icon style-local-6-c17-icon\"><!--Icon by Icons8 Line Awesome (https:\/\/icons8.com\/line-awesome)--><svg version=\"1.1\" xmlns=\"http:\/\/www.w3.org\/2000\/svg\" xmlns:xlink=\"http:\/\/www.w3.org\/1999\/xlink\" id=\"envelope\" viewBox=\"0 0 512 545.5\"><path d=\"M48 160h416v288H48V160zm69 32l139 92.5L395 192H117zm-37 14v210h352V206L265 317.5l-9 5.5-9-5.5z\"><\/path><\/svg><\/span><\/div>\n                <div\n                  data-colibri-id=\"6-c18\" class=\"h-global-transition-all h-heading style-257 style-local-6-c18 position-relative h-element\">\n                  <!---->\n                  <div class=\"h-heading__outer style-257 style-local-6-c18\">\n                    <!---->\n                    <!---->\n                    <h4 class=\"\">Mail<\/h4>\n                  <\/div>\n              <\/div>\n              <div data-colibri-id=\"6-c19\" class=\"h-divider style-258 style-local-6-c19 position-relative h-element\">\n                <!----><span class=\"h-divider__line style-258-line style-local-6-c19-line style-258-line style-local-6-c19-line\"><\/span><\/div>\n              <div data-colibri-id=\"6-c20\" class=\"h-text h-text-component style-259 style-local-6-c20 position-relative h-element\">\n                <!---->\n                <!---->\n                <div class=\"\">\n                  <p>\n                    <a href=\"mailto:marc.siegfried@mss-consulting.ch\">marc.siegfried@mss-consulting.ch<\/a>\n                  <\/p>\n                <\/div>\n              <\/div>\n            <\/div>\n          <\/div>\n        <\/div>\n        <div class=\"h-column h-column-container d-flex h-col-lg-3 h-col-md-3 h-col-12 style-255-outer style-local-6-c21-outer\">\n          <div data-colibri-id=\"6-c21\" class=\"d-flex h-flex-basis h-column__inner h-px-lg-0 h-px-md-0 h-px-0 v-inner-lg-0 v-inner-md-0 v-inner-0 style-255 style-local-6-c21 position-relative\">\n            <!---->\n            <!---->\n            <div class=\"w-100 h-y-container h-column__content h-column__v-align flex-basis-100 align-self-lg-start align-self-md-start align-self-start\">\n              <!---->\n              <div data-colibri-id=\"6-c22\" class=\"h-icon style-256 style-local-6-c22 position-relative h-element\">\n                <!----><span class=\"h-svg-icon h-icon__icon style-256-icon style-local-6-c22-icon\"><!--Icon by Icons8 Line Awesome (https:\/\/icons8.com\/line-awesome)--><svg version=\"1.1\" xmlns=\"http:\/\/www.w3.org\/2000\/svg\" xmlns:xlink=\"http:\/\/www.w3.org\/1999\/xlink\" id=\"phone\" viewBox=\"0 0 512 545.5\"><path d=\"M138.5 80c8.375 0 16.656 3.024 23.5 8.5l1 .5.5.5 64 66 1.5 1.5-.5.5c14.174 13.212 13.968 35.53.5 49l-32 32c4.92 11.277 18.33 40.02 44.5 65 26.358 25.16 53.932 39.467 65.5 45l31.5-31.5.5-.5c13.28-13.28 36.72-13.28 50 0l.5 1 65 65c13.28 13.28 13.28 36.22 0 49.5L405 481.5l-.5.5-.5.5c-15.01 12.867-36.04 17.486-55.5 11h-.5c-37.55-14.693-113.51-48.01-181.5-116C98.773 309.773 64.052 234.84 50.5 196c-.035-.1.034-.4 0-.5-6.703-18.434-1.915-39.738 13.5-54l-.5-.5 50-51.5.5-.5 1-.5c6.844-5.476 15.125-8.5 23.5-8.5zm0 32c-1.172 0-2.344.575-3.5 1.5L86.5 163l-.5.5-.5.5c-5.674 4.863-7.44 14.493-5 21 12.12 34.847 45.2 106.7 108.5 170 62.784 62.784 133.224 93.76 169.5 108 9.34 3.113 17.11 1.833 24.5-4.5l49-49c2.72-2.72 2.72-1.78 0-4.5l-65.5-65.5c-2.72-2.72-2.28-2.72-5 0l-40 40-7.5 7.5-10-4.5s-43.83-18.552-81-52.5l-3.5-3c-38.595-36.84-57-86-57-86l-3.5-10 7.5-7 40-40c1.966-1.966.874-3.6 1-3.5l-.5-.5-1-1-64-65.5c-1.156-.925-2.328-1.5-3.5-1.5z\"><\/path><\/svg><\/span><\/div>\n              <div\n                data-colibri-id=\"6-c23\" class=\"h-global-transition-all h-heading style-257 style-local-6-c23 position-relative h-element\">\n                <!---->\n                <div class=\"h-heading__outer style-257 style-local-6-c23\">\n                  <!---->\n                  <!---->\n                  <h4 class=\"\">Tel<\/h4>\n                <\/div>\n            <\/div>\n            <div data-colibri-id=\"6-c24\" class=\"h-divider style-258 style-local-6-c24 position-relative h-element\">\n              <!----><span class=\"h-divider__line style-258-line style-local-6-c24-line style-258-line style-local-6-c24-line\"><\/span><\/div>\n            <div data-colibri-id=\"6-c25\" class=\"h-text h-text-component style-261 style-local-6-c25 position-relative h-element\">\n              <!---->\n              <!---->\n              <div class=\"\">\n                <p>+41 77 204 65 75\n                  <br>\n                  <br>\n                <\/p>\n              <\/div>\n            <\/div>\n          <\/div>\n        <\/div>\n      <\/div>\n    <\/div>\n  <\/div>\n<\/div>\n<\/div>\n<\/div>","protected":false},"excerpt":{"rendered":"<p>W\u00e4hrend mehreren Jahrzehnten war ich als Leiter Finanzen (CFO), Leiter Personal (HR) und Administration in verschiedenen KMU\u2019s t\u00e4tig. Durch meine langj\u00e4hrigen beruflichen Erfahrungen sowie entsprechenden Weiterbildungen besitze ich umfassendes Fach- und F\u00fchrungswissen. Genau diese Erfahrung und mein Engagement setze ich f\u00fcr Sie ein. Unsere Zusammenarbeit basiert darauf, dass Sie von Anfang an Ihr pers\u00f6nliches Ziel [&hellip;]<\/p>\n","protected":false},"author":1,"featured_media":0,"parent":0,"menu_order":0,"comment_status":"closed","ping_status":"closed","template":"page-templates\/homepage.php","meta":{"footnotes":""},"class_list":["post-6","page","type-page","status-publish","hentry"],"_links":{"self":[{"href":"https:\/\/mss-consulting.ch\/index.php?rest_route=\/wp\/v2\/pages\/6","targetHints":{"allow":["GET"]}}],"collection":[{"href":"https:\/\/mss-consulting.ch\/index.php?rest_route=\/wp\/v2\/pages"}],"about":[{"href":"https:\/\/mss-consulting.ch\/index.php?rest_route=\/wp\/v2\/types\/page"}],"author":[{"embeddable":true,"href":"https:\/\/mss-consulting.ch\/index.php?rest_route=\/wp\/v2\/users\/1"}],"replies":[{"embeddable":true,"href":"https:\/\/mss-consulting.ch\/index.php?rest_route=%2Fwp%2Fv2%2Fcomments&post=6"}],"version-history":[{"count":20,"href":"https:\/\/mss-consulting.ch\/index.php?rest_route=\/wp\/v2\/pages\/6\/revisions"}],"predecessor-version":[{"id":1937,"href":"https:\/\/mss-consulting.ch\/index.php?rest_route=\/wp\/v2\/pages\/6\/revisions\/1937"}],"wp:attachment":[{"href":"https:\/\/mss-consulting.ch\/index.php?rest_route=%2Fwp%2Fv2%2Fmedia&parent=6"}],"curies":[{"name":"wp","href":"https:\/\/api.w.org\/{rel}","templated":true}]}}